{"id":485,"date":"2023-04-14T13:32:55","date_gmt":"2023-04-14T16:32:55","guid":{"rendered":"http:\/\/faj.laboratoriovision.com.br\/bioengenharia\/?post_type=product&#038;p=485"},"modified":"2023-04-14T13:45:20","modified_gmt":"2023-04-14T16:45:20","slug":"kit-mca-2000","status":"publish","type":"product","link":"https:\/\/fundacaoadibjatene.com.br\/bioengenharia\/produto\/kit-mca-2000\/","title":{"rendered":"KIT MCA 2000"},"content":{"rendered":"<p>O\u00a0<strong>Kit MCA<\/strong>\u00a0\u00e9 um produto para diagn\u00f3stico \u201c<i>in vitro<\/i>\u201d e de uso exclusivo para medi\u00e7\u00e3o do Tempo de Coagula\u00e7\u00e3o Ativada (TCA) nas diversas aplica\u00e7\u00f5es cl\u00ednicas e cir\u00fargicas. O Kit MCA cont\u00eam tubos reagentes descart\u00e1veis, onde se processa a ativa\u00e7\u00e3o do sistema de coagula\u00e7\u00e3o e detec\u00e7\u00e3o do ponto inicial da forma\u00e7\u00e3o do co\u00e1gulo, utilizando, exclusivamente, o Monitor de Coagula\u00e7\u00e3o Ativada modelo MCA 2000 marca Funda\u00e7\u00e3o Adib Jatene (FAJ).<\/p>\n<p><strong>Cont\u00e9m:<\/strong>\u00a024 unidades cada caixa.<\/p>\n<p><b>Produto Descart\u00e1vel (uso \u00fanico).<\/b><\/p>\n","protected":false},"excerpt":{"rendered":"<p>O\u00a0Kit MCA\u00a0\u00e9 um produto para diagn\u00f3stico \u201cin vitro\u201d e de uso exclusivo para medi\u00e7\u00e3o do Tempo de Coagula\u00e7\u00e3o Ativada (TCA) nas diversas aplica\u00e7\u00f5es cl\u00ednicas e cir\u00fargicas. O Kit MCA cont\u00eam tubos reagentes descart\u00e1veis, onde se processa a ativa\u00e7\u00e3o do sistema de coagula\u00e7\u00e3o e detec\u00e7\u00e3o do ponto inicial da forma\u00e7\u00e3o do co\u00e1gulo, utilizando, exclusivamente, o Monitor [&hellip;]<\/p>\n","protected":false},"featured_media":484,"template":"","meta":[],"product_cat":[15],"product_tag":[],"class_list":["post-485","product","type-product","status-publish","has-post-thumbnail","hentry","product_cat-sem-categoria"],"acf":{"destaque":true,"manual":486,"numero_da_anvisa":"10264470014"},"_links":{"self":[{"href":"https:\/\/fundacaoadibjatene.com.br\/bioengenharia\/wp-json\/wp\/v2\/product\/485","targetHints":{"allow":["GET"]}}],"collection":[{"href":"https:\/\/fundacaoadibjatene.com.br\/bioengenharia\/wp-json\/wp\/v2\/product"}],"about":[{"href":"https:\/\/fundacaoadibjatene.com.br\/bioengenharia\/wp-json\/wp\/v2\/types\/product"}],"wp:featuredmedia":[{"embeddable":true,"href":"https:\/\/fundacaoadibjatene.com.br\/bioengenharia\/wp-json\/wp\/v2\/media\/484"}],"wp:attachment":[{"href":"https:\/\/fundacaoadibjatene.com.br\/bioengenharia\/wp-json\/wp\/v2\/media?parent=485"}],"wp:term":[{"taxonomy":"product_cat","embeddable":true,"href":"https:\/\/fundacaoadibjatene.com.br\/bioengenharia\/wp-json\/wp\/v2\/product_cat?post=485"},{"taxonomy":"product_tag","embeddable":true,"href":"https:\/\/fundacaoadibjatene.com.br\/bioengenharia\/wp-json\/wp\/v2\/product_tag?post=485"}],"curies":[{"name":"wp","href":"https:\/\/api.w.org\/{rel}","templated":true}]}}