{"id":90,"date":"2023-03-27T11:21:53","date_gmt":"2023-03-27T14:21:53","guid":{"rendered":"http:\/\/faj.laboratoriovision.com.br\/bioengenharia\/?post_type=product&#038;p=90"},"modified":"2023-04-14T13:12:26","modified_gmt":"2023-04-14T16:12:26","slug":"afastador-valvar-para-rombo-fixo","status":"publish","type":"product","link":"https:\/\/fundacaoadibjatene.com.br\/bioengenharia\/produto\/afastador-valvar-para-rombo-fixo\/","title":{"rendered":"AFASTADOR VALVAR PARA ROMBO FIXO"},"content":{"rendered":"<p><b>C\u00f3digo de Produto FAJ:<\/b> BRB0001<\/p>\n<p><em><strong>(PARA CIRURGIA CARD\u00cdACA COM CIRCULA\u00c7\u00c3O EXTRACORP\u00d3REA FAJ)<\/strong><\/em><\/p>\n<p>Produto de a\u00e7o inoxid\u00e1vel<\/p>\n<p>Os Instrumentais Cir\u00fargicos produzidos pela Funda\u00e7\u00e3o Adib Jatene foram desenvolvidos para uso em Cirurgias Card\u00edacas com Circula\u00e7\u00e3o Extracorp\u00f3rea (CEC).<\/p>\n<p>Fam\u00edlia de Afastadores: Indicada para afastar, expor, dilatar e explorar \u00e1reas espec\u00edficas do cora\u00e7\u00e3o.<\/p>\n<table border=\"1\" align=\"center\">\n<tbody>\n<tr>\n<td><b>\u00a0C\u00f3digo<\/b><\/td>\n<td><b>\u00a0Comprimento (A X B X C)<\/b><\/td>\n<\/tr>\n<tr>\n<td>\u00a0BRB0001<\/td>\n<td>\u00a0270,00 mm x 6,00 mm x 20,00 mm<\/td>\n<\/tr>\n<\/tbody>\n<\/table>\n","protected":false},"excerpt":{"rendered":"<p>C\u00f3digo de Produto FAJ: BRB0001 (PARA CIRURGIA CARD\u00cdACA COM CIRCULA\u00c7\u00c3O EXTRACORP\u00d3REA FAJ) Produto de a\u00e7o inoxid\u00e1vel Os Instrumentais Cir\u00fargicos produzidos pela Funda\u00e7\u00e3o Adib Jatene foram desenvolvidos para uso em Cirurgias Card\u00edacas com Circula\u00e7\u00e3o Extracorp\u00f3rea (CEC). Fam\u00edlia de Afastadores: Indicada para afastar, expor, dilatar e explorar \u00e1reas espec\u00edficas do cora\u00e7\u00e3o. \u00a0C\u00f3digo \u00a0Comprimento (A X B X [&hellip;]<\/p>\n","protected":false},"featured_media":183,"template":"","meta":[],"product_cat":[19],"product_tag":[],"class_list":["post-90","product","type-product","status-publish","has-post-thumbnail","hentry","product_cat-afastadores"],"acf":{"destaque":false,"manual":482,"numero_da_anvisa":"10264470023"},"_links":{"self":[{"href":"https:\/\/fundacaoadibjatene.com.br\/bioengenharia\/wp-json\/wp\/v2\/product\/90","targetHints":{"allow":["GET"]}}],"collection":[{"href":"https:\/\/fundacaoadibjatene.com.br\/bioengenharia\/wp-json\/wp\/v2\/product"}],"about":[{"href":"https:\/\/fundacaoadibjatene.com.br\/bioengenharia\/wp-json\/wp\/v2\/types\/product"}],"wp:featuredmedia":[{"embeddable":true,"href":"https:\/\/fundacaoadibjatene.com.br\/bioengenharia\/wp-json\/wp\/v2\/media\/183"}],"wp:attachment":[{"href":"https:\/\/fundacaoadibjatene.com.br\/bioengenharia\/wp-json\/wp\/v2\/media?parent=90"}],"wp:term":[{"taxonomy":"product_cat","embeddable":true,"href":"https:\/\/fundacaoadibjatene.com.br\/bioengenharia\/wp-json\/wp\/v2\/product_cat?post=90"},{"taxonomy":"product_tag","embeddable":true,"href":"https:\/\/fundacaoadibjatene.com.br\/bioengenharia\/wp-json\/wp\/v2\/product_tag?post=90"}],"curies":[{"name":"wp","href":"https:\/\/api.w.org\/{rel}","templated":true}]}}